{"id":242,"date":"2026-03-12T12:50:57","date_gmt":"2026-03-12T09:50:57","guid":{"rendered":"https:\/\/adolcedisticaret.com.tr\/?page_id=242"},"modified":"2026-03-13T02:43:16","modified_gmt":"2026-03-12T23:43:16","slug":"iletisim","status":"publish","type":"page","link":"https:\/\/adolcedisticaret.com.tr\/index.php\/iletisim\/","title":{"rendered":"\u0130leti\u015fim"},"content":{"rendered":"<p>[et_pb_section fb_built=&#8221;1&#8243; _builder_version=&#8221;4.27.4&#8243; _module_preset=&#8221;default&#8221; custom_padding=&#8221;6px|||||&#8221; global_colors_info=&#8221;{}&#8221;][et_pb_row use_custom_gutter=&#8221;on&#8221; gutter_width=&#8221;2&#8243; _builder_version=&#8221;4.27.4&#8243; _module_preset=&#8221;default&#8221; width=&#8221;90%&#8221; max_width=&#8221;1120px&#8221; custom_padding=&#8221;36px|||||&#8221; global_colors_info=&#8221;{}&#8221;][et_pb_column type=&#8221;4_4&#8243; _builder_version=&#8221;4.27.4&#8243; _module_preset=&#8221;default&#8221; global_colors_info=&#8221;{}&#8221;][et_pb_post_title meta=&#8221;off&#8221; featured_image=&#8221;off&#8221; _builder_version=&#8221;4.27.4&#8243; _module_preset=&#8221;default&#8221; title_font=&#8221;|700|||||||&#8221; global_colors_info=&#8221;{}&#8221;][\/et_pb_post_title][\/et_pb_column][\/et_pb_row][et_pb_row column_structure=&#8221;1_2,1_2&#8243; use_custom_gutter=&#8221;on&#8221; gutter_width=&#8221;2&#8243; _builder_version=&#8221;4.27.4&#8243; _module_preset=&#8221;default&#8221; width=&#8221;90%&#8221; max_width=&#8221;1120px&#8221; custom_padding=&#8221;9px|||||&#8221; hover_enabled=&#8221;0&#8243; global_colors_info=&#8221;{}&#8221; sticky_enabled=&#8221;0&#8243;][et_pb_column type=&#8221;1_2&#8243; _builder_version=&#8221;4.27.4&#8243; _module_preset=&#8221;default&#8221; global_colors_info=&#8221;{}&#8221;][et_pb_text _builder_version=&#8221;4.27.4&#8243; _module_preset=&#8221;default&#8221; text_text_color=&#8221;#000000&#8243; global_colors_info=&#8221;{}&#8221;]<\/p>\n<p><strong>\u00dcnvan:<\/strong> Adolce D\u0131\u015f Ticaret<\/p>\n<p><strong>Adres: <\/strong>\u00c7oban\u00e7e\u015fme mahallesi Sanayi Cad. 44 D \/ 146 Yenibosna \/ Bah\u00e7elievler\u00a0<\/p>\n<p><strong>Telefon:<\/strong> 0555 044 72 00<\/p>\n<p><strong>E-posta:<\/strong> info@adolcedisticaret.com.tr<\/p>\n<p><strong>Muhasebe:<\/strong> muhasebe@adolcedisticaret.com.tr<\/p>\n<p><strong>Finans:<\/strong> finans@adolcedisticaret.com.tr<\/p>\n<p><strong>Lojistik:<\/strong> logistics@adolcedisticaret.com.tr<\/p>\n<p><strong>Sat\u0131\u015f:<\/strong> satis@adolcedisticaret.com.tr<\/p>\n<p><strong>Tedarik:<\/strong> tedarik@adolcedisticaret.com.tr<\/p>\n<p>&nbsp;<\/p>\n<p>[\/et_pb_text][\/et_pb_column][et_pb_column type=&#8221;1_2&#8243; _builder_version=&#8221;4.27.4&#8243; _module_preset=&#8221;default&#8221; global_colors_info=&#8221;{}&#8221;][et_pb_image src=&#8221;https:\/\/adolcedisticaret.com.tr\/wp-content\/uploads\/2026\/03\/D1Z-dis-ticaret.jpeg&#8221; title_text=&#8221;D1Z-dis-ticaret&#8221; _builder_version=&#8221;4.27.4&#8243; _module_preset=&#8221;default&#8221; global_colors_info=&#8221;{}&#8221;][\/et_pb_image][\/et_pb_column][\/et_pb_row][et_pb_row _builder_version=&#8221;4.27.4&#8243; _module_preset=&#8221;default&#8221; width=&#8221;90%&#8221; max_width=&#8221;1120px&#8221; hover_enabled=&#8221;0&#8243; sticky_enabled=&#8221;0&#8243;][et_pb_column _builder_version=&#8221;4.27.4&#8243; _module_preset=&#8221;default&#8221; type=&#8221;4_4&#8243;][et_pb_code _builder_version=&#8221;4.27.4&#8243; _module_preset=&#8221;default&#8221; hover_enabled=&#8221;0&#8243; sticky_enabled=&#8221;0&#8243;]<iframe src=\"https:\/\/www.google.com\/maps\/embed?pb=!1m18!1m12!1m3!1d12398.228207715329!2d28.822107473670343!3d40.996394421356435!2m3!1f0!2f0!3f0!3m2!1i1024!2i768!4f13.1!3m3!1m2!1s0x14caa37cb15e37d7%3A0xd337eceaa4b770b9!2zw4dvYmFuw6dlxZ9tZSwgU2FuYXlpIENkLiA0NEQsIDM0MTk2IEJhaMOnZWxpZXZsZXIvxLBzdGFuYnVs!5e0!3m2!1str!2str!4v1773358850647!5m2!1str!2str\" width=\"1300\" height=\"450\" style=\"border:0;\" allowfullscreen=\"\" loading=\"lazy\" referrerpolicy=\"no-referrer-when-downgrade\"><\/iframe>[\/et_pb_code][\/et_pb_column][\/et_pb_row][\/et_pb_section]<\/p>\n","protected":false},"excerpt":{"rendered":"<p>\u00dcnvan: Adolce D\u0131\u015f Ticaret Adres: \u00c7oban\u00e7e\u015fme mahallesi Sanayi Cad. 44 D \/ 146 Yenibosna \/ Bah\u00e7elievler\u00a0 Telefon: 0555 044 72 00 E-posta: info@adolcedisticaret.com.tr Muhasebe: muhasebe@adolcedisticaret.com.tr Finans: finans@adolcedisticaret.com.tr Lojistik: logistics@adolcedisticaret.com.tr Sat\u0131\u015f: satis@adolcedisticaret.com.tr Tedarik: tedarik@adolcedisticaret.com.tr &nbsp;<\/p>\n","protected":false},"author":1,"featured_media":0,"parent":0,"menu_order":0,"comment_status":"closed","ping_status":"closed","template":"","meta":{"_et_pb_use_builder":"on","_et_pb_old_content":"<!-- wp:divi\/placeholder \/-->","_et_gb_content_width":"","footnotes":""},"class_list":["post-242","page","type-page","status-publish","hentry"],"_links":{"self":[{"href":"https:\/\/adolcedisticaret.com.tr\/index.php\/wp-json\/wp\/v2\/pages\/242","targetHints":{"allow":["GET"]}}],"collection":[{"href":"https:\/\/adolcedisticaret.com.tr\/index.php\/wp-json\/wp\/v2\/pages"}],"about":[{"href":"https:\/\/adolcedisticaret.com.tr\/index.php\/wp-json\/wp\/v2\/types\/page"}],"author":[{"embeddable":true,"href":"https:\/\/adolcedisticaret.com.tr\/index.php\/wp-json\/wp\/v2\/users\/1"}],"replies":[{"embeddable":true,"href":"https:\/\/adolcedisticaret.com.tr\/index.php\/wp-json\/wp\/v2\/comments?post=242"}],"version-history":[{"count":5,"href":"https:\/\/adolcedisticaret.com.tr\/index.php\/wp-json\/wp\/v2\/pages\/242\/revisions"}],"predecessor-version":[{"id":319,"href":"https:\/\/adolcedisticaret.com.tr\/index.php\/wp-json\/wp\/v2\/pages\/242\/revisions\/319"}],"wp:attachment":[{"href":"https:\/\/adolcedisticaret.com.tr\/index.php\/wp-json\/wp\/v2\/media?parent=242"}],"curies":[{"name":"wp","href":"https:\/\/api.w.org\/{rel}","templated":true}]}}